{"id":4096,"date":"2017-06-11T15:51:35","date_gmt":"2017-06-11T13:51:35","guid":{"rendered":"http:\/\/www.stallopaddock.se\/?page_id=4096"},"modified":"2021-04-20T11:11:52","modified_gmt":"2021-04-20T09:11:52","slug":"sadelbox-ramzess","status":"publish","type":"page","link":"https:\/\/www.stallopaddock.se\/?page_id=4096","title":{"rendered":"SADELSK\u00c5P RC CLASSIC"},"content":{"rendered":"<div  class=\"one withsmallpadding ppb_header \" style=\"text-align:left;padding:30px 0 30px 0;\" >\n<div class=\"standard_wrapper\">\n<div class=\"page_content_wrapper\">\n<div class=\"inner\">\n<div style=\"margin:auto;width:100%\">\n<h2 class=\"ppb_title\" style=\"\">SADELSK\u00c5P CLASSIC<\/h2>\n<div class=\"page_header_sep left\"><\/div>\n<\/div>\n<\/div>\n<\/div>\n<\/div>\n<\/div>\n<div  class=\"one withsmallpadding ppb_header \" style=\"text-align:left;padding:30px 0 30px 0;\" >\n<div class=\"standard_wrapper\">\n<div class=\"page_content_wrapper\">\n<div class=\"inner\">\n<div style=\"margin:auto;width:100%\">\n<h2 class=\"ppb_title\" style=\"\">SADELSK\u00c5P CLASSIC<\/h2>\n<div class=\"page_header_sep left\"><\/div>\n<\/div>\n<\/div>\n<\/div>\n<\/div>\n<\/div>\n<div  class=\"one withsmallpadding ppb_text\" style=\"padding:30px 0 30px 0;\" >\n<div class=\"standard_wrapper\">\n<div class=\"page_content_wrapper\">\n<div class=\"inner\">\n<div style=\"margin:auto;width:100%\">\n<p><strong>T\u00e4vlingspreparering eller din egen tr\u00e4ningsbana i b\u00e4sta skick, modell Diego fixar det!<\/strong><\/p>\n<p>Utrustad med stora luftgummihjul med broms, nya stora sadelh\u00e4ngare som kan justeras i h\u00f6jdled, tre l\u00e5dor i metall, utdragbar tr\u00e4nsh\u00e4ngare, l\u00e5sbara d\u00f6rrar. Pulverlackerade: V\u00e4lj f\u00e4rg.\u00a0Aluminium-modellen v\u00e4ger endast 58 kg med \u00f6versk\u00e5p och 50 kg utan.<\/p>\n<p>Format H 1170 mm. B 1200 mm. D 620 mm.<\/p>\n<p>Format H 1440 mm. B 1200 mm. D 620 mm (med \u00f6versk\u00e5p)<\/p>\n<p>2 \u00e5rs fabriksgaranti p\u00e5 konstruktion<\/p>\n<p><i>Kontakta oss f\u00f6r prisuppgifter!<\/i><\/p>\n<\/div>\n<\/div>\n<\/div>\n<\/div>\n<\/div>\n","protected":false},"excerpt":{"rendered":"<p>SADELSK\u00c5P CLASSIC SADELSK\u00c5P CLASSIC T\u00e4vlingspreparering eller din egen tr\u00e4ningsbana i b\u00e4sta skick, modell Diego fixar det! Utrustad med stora luftgummihjul med broms, nya stora sadelh\u00e4ngare som kan justeras i h\u00f6jdled, tre l\u00e5dor i metall, utdragbar tr\u00e4nsh\u00e4ngare, l\u00e5sbara d\u00f6rrar. Pulverlackerade: V\u00e4lj [&hellip;]<\/p>\n","protected":false},"author":1,"featured_media":0,"parent":0,"menu_order":0,"comment_status":"closed","ping_status":"closed","template":"","meta":{"footnotes":""},"class_list":["post-4096","page","type-page","status-publish","hentry"],"yoast_head":"<!-- This site is optimized with the Yoast SEO plugin v26.3 - https:\/\/yoast.com\/wordpress\/plugins\/seo\/ -->\n<title>SADELSK\u00c5P RC CLASSIC - Stall &amp; Paddock<\/title>\n<meta name=\"robots\" content=\"index, follow, max-snippet:-1, max-image-preview:large, max-video-preview:-1\" \/>\n<link rel=\"canonical\" href=\"https:\/\/www.stallopaddock.se\/?page_id=4096\" \/>\n<meta property=\"og:locale\" content=\"en_US\" \/>\n<meta property=\"og:type\" content=\"article\" \/>\n<meta property=\"og:title\" content=\"SADELSK\u00c5P RC CLASSIC - Stall &amp; Paddock\" \/>\n<meta property=\"og:description\" content=\"SADELSK\u00c5P CLASSIC SADELSK\u00c5P CLASSIC T\u00e4vlingspreparering eller din egen tr\u00e4ningsbana i b\u00e4sta skick, modell Diego fixar det! Utrustad med stora luftgummihjul med broms, nya stora sadelh\u00e4ngare som kan justeras i h\u00f6jdled, tre l\u00e5dor i metall, utdragbar tr\u00e4nsh\u00e4ngare, l\u00e5sbara d\u00f6rrar. Pulverlackerade: V\u00e4lj [&hellip;]\" \/>\n<meta property=\"og:url\" content=\"https:\/\/www.stallopaddock.se\/?page_id=4096\" \/>\n<meta property=\"og:site_name\" content=\"Stall &amp; Paddock\" \/>\n<meta property=\"article:modified_time\" content=\"2021-04-20T09:11:52+00:00\" \/>\n<meta name=\"twitter:card\" content=\"summary_large_image\" \/>\n<script type=\"application\/ld+json\" class=\"yoast-schema-graph\">{\"@context\":\"https:\/\/schema.org\",\"@graph\":[{\"@type\":\"WebPage\",\"@id\":\"https:\/\/www.stallopaddock.se\/?page_id=4096\",\"url\":\"https:\/\/www.stallopaddock.se\/?page_id=4096\",\"name\":\"SADELSK\u00c5P RC CLASSIC - Stall &amp; Paddock\",\"isPartOf\":{\"@id\":\"https:\/\/www.stallopaddock.se\/#website\"},\"datePublished\":\"2017-06-11T13:51:35+00:00\",\"dateModified\":\"2021-04-20T09:11:52+00:00\",\"breadcrumb\":{\"@id\":\"https:\/\/www.stallopaddock.se\/?page_id=4096#breadcrumb\"},\"inLanguage\":\"en-US\",\"potentialAction\":[{\"@type\":\"ReadAction\",\"target\":[\"https:\/\/www.stallopaddock.se\/?page_id=4096\"]}]},{\"@type\":\"BreadcrumbList\",\"@id\":\"https:\/\/www.stallopaddock.se\/?page_id=4096#breadcrumb\",\"itemListElement\":[{\"@type\":\"ListItem\",\"position\":1,\"name\":\"Home\",\"item\":\"https:\/\/www.stallopaddock.se\/\"},{\"@type\":\"ListItem\",\"position\":2,\"name\":\"SADELSK\u00c5P RC CLASSIC\"}]},{\"@type\":\"WebSite\",\"@id\":\"https:\/\/www.stallopaddock.se\/#website\",\"url\":\"https:\/\/www.stallopaddock.se\/\",\"name\":\"Stall &amp; Paddock\",\"description\":\"Stall &amp; Paddockprodukter\",\"potentialAction\":[{\"@type\":\"SearchAction\",\"target\":{\"@type\":\"EntryPoint\",\"urlTemplate\":\"https:\/\/www.stallopaddock.se\/?s={search_term_string}\"},\"query-input\":{\"@type\":\"PropertyValueSpecification\",\"valueRequired\":true,\"valueName\":\"search_term_string\"}}],\"inLanguage\":\"en-US\"}]}<\/script>\n<!-- \/ Yoast SEO plugin. -->","yoast_head_json":{"title":"SADELSK\u00c5P RC CLASSIC - Stall &amp; Paddock","robots":{"index":"index","follow":"follow","max-snippet":"max-snippet:-1","max-image-preview":"max-image-preview:large","max-video-preview":"max-video-preview:-1"},"canonical":"https:\/\/www.stallopaddock.se\/?page_id=4096","og_locale":"en_US","og_type":"article","og_title":"SADELSK\u00c5P RC CLASSIC - Stall &amp; Paddock","og_description":"SADELSK\u00c5P CLASSIC SADELSK\u00c5P CLASSIC T\u00e4vlingspreparering eller din egen tr\u00e4ningsbana i b\u00e4sta skick, modell Diego fixar det! Utrustad med stora luftgummihjul med broms, nya stora sadelh\u00e4ngare som kan justeras i h\u00f6jdled, tre l\u00e5dor i metall, utdragbar tr\u00e4nsh\u00e4ngare, l\u00e5sbara d\u00f6rrar. Pulverlackerade: V\u00e4lj [&hellip;]","og_url":"https:\/\/www.stallopaddock.se\/?page_id=4096","og_site_name":"Stall &amp; Paddock","article_modified_time":"2021-04-20T09:11:52+00:00","twitter_card":"summary_large_image","schema":{"@context":"https:\/\/schema.org","@graph":[{"@type":"WebPage","@id":"https:\/\/www.stallopaddock.se\/?page_id=4096","url":"https:\/\/www.stallopaddock.se\/?page_id=4096","name":"SADELSK\u00c5P RC CLASSIC - Stall &amp; Paddock","isPartOf":{"@id":"https:\/\/www.stallopaddock.se\/#website"},"datePublished":"2017-06-11T13:51:35+00:00","dateModified":"2021-04-20T09:11:52+00:00","breadcrumb":{"@id":"https:\/\/www.stallopaddock.se\/?page_id=4096#breadcrumb"},"inLanguage":"en-US","potentialAction":[{"@type":"ReadAction","target":["https:\/\/www.stallopaddock.se\/?page_id=4096"]}]},{"@type":"BreadcrumbList","@id":"https:\/\/www.stallopaddock.se\/?page_id=4096#breadcrumb","itemListElement":[{"@type":"ListItem","position":1,"name":"Home","item":"https:\/\/www.stallopaddock.se\/"},{"@type":"ListItem","position":2,"name":"SADELSK\u00c5P RC CLASSIC"}]},{"@type":"WebSite","@id":"https:\/\/www.stallopaddock.se\/#website","url":"https:\/\/www.stallopaddock.se\/","name":"Stall &amp; Paddock","description":"Stall &amp; Paddockprodukter","potentialAction":[{"@type":"SearchAction","target":{"@type":"EntryPoint","urlTemplate":"https:\/\/www.stallopaddock.se\/?s={search_term_string}"},"query-input":{"@type":"PropertyValueSpecification","valueRequired":true,"valueName":"search_term_string"}}],"inLanguage":"en-US"}]}},"_links":{"self":[{"href":"https:\/\/www.stallopaddock.se\/index.php?rest_route=\/wp\/v2\/pages\/4096","targetHints":{"allow":["GET"]}}],"collection":[{"href":"https:\/\/www.stallopaddock.se\/index.php?rest_route=\/wp\/v2\/pages"}],"about":[{"href":"https:\/\/www.stallopaddock.se\/index.php?rest_route=\/wp\/v2\/types\/page"}],"author":[{"embeddable":true,"href":"https:\/\/www.stallopaddock.se\/index.php?rest_route=\/wp\/v2\/users\/1"}],"replies":[{"embeddable":true,"href":"https:\/\/www.stallopaddock.se\/index.php?rest_route=%2Fwp%2Fv2%2Fcomments&post=4096"}],"version-history":[{"count":27,"href":"https:\/\/www.stallopaddock.se\/index.php?rest_route=\/wp\/v2\/pages\/4096\/revisions"}],"predecessor-version":[{"id":4735,"href":"https:\/\/www.stallopaddock.se\/index.php?rest_route=\/wp\/v2\/pages\/4096\/revisions\/4735"}],"wp:attachment":[{"href":"https:\/\/www.stallopaddock.se\/index.php?rest_route=%2Fwp%2Fv2%2Fmedia&parent=4096"}],"curies":[{"name":"wp","href":"https:\/\/api.w.org\/{rel}","templated":true}]}}