{"id":4099,"date":"2017-06-11T15:51:58","date_gmt":"2017-06-11T13:51:58","guid":{"rendered":"http:\/\/www.stallopaddock.se\/?page_id=4099"},"modified":"2018-06-18T17:57:39","modified_gmt":"2018-06-18T15:57:39","slug":"sadelbox-rc-classic","status":"publish","type":"page","link":"https:\/\/www.stallopaddock.se\/?page_id=4099","title":{"rendered":"MODELL JOE"},"content":{"rendered":"<div  class=\"one withsmallpadding ppb_header \" style=\"text-align:left;padding:30px 0 30px 0;\" >\n<div class=\"standard_wrapper\">\n<div class=\"page_content_wrapper\">\n<div class=\"inner\">\n<div style=\"margin:auto;width:100%\">\n<h2 class=\"ppb_title\" style=\"\">MODELL JOE<\/h2>\n<div class=\"page_header_sep left\"><\/div>\n<\/div>\n<\/div>\n<\/div>\n<\/div>\n<\/div>\n<div  class=\"one withsmallpadding ppb_header \" style=\"text-align:left;padding:30px 0 30px 0;\" >\n<div class=\"standard_wrapper\">\n<div class=\"page_content_wrapper\">\n<div class=\"inner\">\n<div style=\"margin:auto;width:100%\">\n<h2 class=\"ppb_title\" style=\"\">MODELL JOE<\/h2>\n<div class=\"page_header_sep left\"><\/div>\n<\/div>\n<\/div>\n<\/div>\n<\/div>\n<\/div>\n<div  class=\"one withsmallpadding ppb_text\" style=\"padding:30px 0 30px 0;\" >\n<div class=\"standard_wrapper\">\n<div class=\"page_content_wrapper\">\n<div class=\"inner\">\n<div style=\"margin:auto;width:100%\">\n<p style=\"text-align: left;\"><strong><br \/>\nNy Premium produkt 2017<br \/>\nF\u00f6r professionellt anv\u00e4ndande d\u00e4r allt p\u00e5 harven \u00e4r individuellt st\u00e4llbart.<\/strong><\/p>\n<p>36 fj\u00e4derpinnar i tv\u00e5 individuellt st\u00e4llbara rader som f\u00f6rdelar och j\u00e4mnar ut materialet effektivt.<\/p>\n<p>Vinklad sladdplanka (\u00e4ven den st\u00e4llbar individuellt) som tar ner \u201dtoppar\u201d p\u00e5 ytlagret. Med den nya vinklade sladdplankan s\u00e5 undviks att man f\u00e5r med sig \u201dkakor\u201d av materialet om harven \u00e4r justerad f\u00f6r djupt.<\/p>\n<p>Gallerv\u00e4lt som komprimerar materialet. Trycket p\u00e5 v\u00e4lten justeras l\u00e4tt och precist manuellt eller hydrauliskt. Det nya st\u00f6rre gallret i v\u00e4lten g\u00f6r s\u00e5 att inget material fastnar inuti v\u00e4lten.<\/p>\n<p>Modell Joe har ledat trepunktsf\u00e4ste, sarghjul och parkeringsst\u00f6d.<\/p>\n<p>2500 mm arbetsbredd.<\/p>\n<p>Vikt 360 kg<\/p>\n<p>4 \u00e5rs fabriksgaranti p\u00e5 konstruktion.<\/p>\n<p><i>Kontakta oss f\u00f6r prisuppgifter!<\/i><\/p>\n<\/div>\n<\/div>\n<\/div>\n<\/div>\n<\/div>\n","protected":false},"excerpt":{"rendered":"<p>MODELL JOE MODELL JOE Ny Premium produkt 2017 F\u00f6r professionellt anv\u00e4ndande d\u00e4r allt p\u00e5 harven \u00e4r individuellt st\u00e4llbart. 36 fj\u00e4derpinnar i tv\u00e5 individuellt st\u00e4llbara rader som f\u00f6rdelar och j\u00e4mnar ut materialet effektivt. Vinklad sladdplanka (\u00e4ven den st\u00e4llbar individuellt) som tar [&hellip;]<\/p>\n","protected":false},"author":1,"featured_media":0,"parent":0,"menu_order":0,"comment_status":"closed","ping_status":"closed","template":"","meta":{"footnotes":""},"class_list":["post-4099","page","type-page","status-publish","hentry"],"yoast_head":"<!-- This site is optimized with the Yoast SEO plugin v26.3 - https:\/\/yoast.com\/wordpress\/plugins\/seo\/ -->\n<title>MODELL JOE - Stall &amp; Paddock<\/title>\n<meta name=\"robots\" content=\"index, follow, max-snippet:-1, max-image-preview:large, max-video-preview:-1\" \/>\n<link rel=\"canonical\" href=\"https:\/\/www.stallopaddock.se\/?page_id=4099\" \/>\n<meta property=\"og:locale\" content=\"en_US\" \/>\n<meta property=\"og:type\" content=\"article\" \/>\n<meta property=\"og:title\" content=\"MODELL JOE - Stall &amp; Paddock\" \/>\n<meta property=\"og:description\" content=\"MODELL JOE MODELL JOE Ny Premium produkt 2017 F\u00f6r professionellt anv\u00e4ndande d\u00e4r allt p\u00e5 harven \u00e4r individuellt st\u00e4llbart. 36 fj\u00e4derpinnar i tv\u00e5 individuellt st\u00e4llbara rader som f\u00f6rdelar och j\u00e4mnar ut materialet effektivt. Vinklad sladdplanka (\u00e4ven den st\u00e4llbar individuellt) som tar [&hellip;]\" \/>\n<meta property=\"og:url\" content=\"https:\/\/www.stallopaddock.se\/?page_id=4099\" \/>\n<meta property=\"og:site_name\" content=\"Stall &amp; Paddock\" \/>\n<meta property=\"article:modified_time\" content=\"2018-06-18T15:57:39+00:00\" \/>\n<meta name=\"twitter:card\" content=\"summary_large_image\" \/>\n<meta name=\"twitter:label1\" content=\"Est. reading time\" \/>\n\t<meta name=\"twitter:data1\" content=\"1 minute\" \/>\n<script type=\"application\/ld+json\" class=\"yoast-schema-graph\">{\"@context\":\"https:\/\/schema.org\",\"@graph\":[{\"@type\":\"WebPage\",\"@id\":\"https:\/\/www.stallopaddock.se\/?page_id=4099\",\"url\":\"https:\/\/www.stallopaddock.se\/?page_id=4099\",\"name\":\"MODELL JOE - Stall &amp; Paddock\",\"isPartOf\":{\"@id\":\"https:\/\/www.stallopaddock.se\/#website\"},\"datePublished\":\"2017-06-11T13:51:58+00:00\",\"dateModified\":\"2018-06-18T15:57:39+00:00\",\"breadcrumb\":{\"@id\":\"https:\/\/www.stallopaddock.se\/?page_id=4099#breadcrumb\"},\"inLanguage\":\"en-US\",\"potentialAction\":[{\"@type\":\"ReadAction\",\"target\":[\"https:\/\/www.stallopaddock.se\/?page_id=4099\"]}]},{\"@type\":\"BreadcrumbList\",\"@id\":\"https:\/\/www.stallopaddock.se\/?page_id=4099#breadcrumb\",\"itemListElement\":[{\"@type\":\"ListItem\",\"position\":1,\"name\":\"Home\",\"item\":\"https:\/\/www.stallopaddock.se\/\"},{\"@type\":\"ListItem\",\"position\":2,\"name\":\"MODELL JOE\"}]},{\"@type\":\"WebSite\",\"@id\":\"https:\/\/www.stallopaddock.se\/#website\",\"url\":\"https:\/\/www.stallopaddock.se\/\",\"name\":\"Stall &amp; Paddock\",\"description\":\"Stall &amp; Paddockprodukter\",\"potentialAction\":[{\"@type\":\"SearchAction\",\"target\":{\"@type\":\"EntryPoint\",\"urlTemplate\":\"https:\/\/www.stallopaddock.se\/?s={search_term_string}\"},\"query-input\":{\"@type\":\"PropertyValueSpecification\",\"valueRequired\":true,\"valueName\":\"search_term_string\"}}],\"inLanguage\":\"en-US\"}]}<\/script>\n<!-- \/ Yoast SEO plugin. -->","yoast_head_json":{"title":"MODELL JOE - Stall &amp; Paddock","robots":{"index":"index","follow":"follow","max-snippet":"max-snippet:-1","max-image-preview":"max-image-preview:large","max-video-preview":"max-video-preview:-1"},"canonical":"https:\/\/www.stallopaddock.se\/?page_id=4099","og_locale":"en_US","og_type":"article","og_title":"MODELL JOE - Stall &amp; Paddock","og_description":"MODELL JOE MODELL JOE Ny Premium produkt 2017 F\u00f6r professionellt anv\u00e4ndande d\u00e4r allt p\u00e5 harven \u00e4r individuellt st\u00e4llbart. 36 fj\u00e4derpinnar i tv\u00e5 individuellt st\u00e4llbara rader som f\u00f6rdelar och j\u00e4mnar ut materialet effektivt. Vinklad sladdplanka (\u00e4ven den st\u00e4llbar individuellt) som tar [&hellip;]","og_url":"https:\/\/www.stallopaddock.se\/?page_id=4099","og_site_name":"Stall &amp; Paddock","article_modified_time":"2018-06-18T15:57:39+00:00","twitter_card":"summary_large_image","twitter_misc":{"Est. reading time":"1 minute"},"schema":{"@context":"https:\/\/schema.org","@graph":[{"@type":"WebPage","@id":"https:\/\/www.stallopaddock.se\/?page_id=4099","url":"https:\/\/www.stallopaddock.se\/?page_id=4099","name":"MODELL JOE - Stall &amp; Paddock","isPartOf":{"@id":"https:\/\/www.stallopaddock.se\/#website"},"datePublished":"2017-06-11T13:51:58+00:00","dateModified":"2018-06-18T15:57:39+00:00","breadcrumb":{"@id":"https:\/\/www.stallopaddock.se\/?page_id=4099#breadcrumb"},"inLanguage":"en-US","potentialAction":[{"@type":"ReadAction","target":["https:\/\/www.stallopaddock.se\/?page_id=4099"]}]},{"@type":"BreadcrumbList","@id":"https:\/\/www.stallopaddock.se\/?page_id=4099#breadcrumb","itemListElement":[{"@type":"ListItem","position":1,"name":"Home","item":"https:\/\/www.stallopaddock.se\/"},{"@type":"ListItem","position":2,"name":"MODELL JOE"}]},{"@type":"WebSite","@id":"https:\/\/www.stallopaddock.se\/#website","url":"https:\/\/www.stallopaddock.se\/","name":"Stall &amp; Paddock","description":"Stall &amp; Paddockprodukter","potentialAction":[{"@type":"SearchAction","target":{"@type":"EntryPoint","urlTemplate":"https:\/\/www.stallopaddock.se\/?s={search_term_string}"},"query-input":{"@type":"PropertyValueSpecification","valueRequired":true,"valueName":"search_term_string"}}],"inLanguage":"en-US"}]}},"_links":{"self":[{"href":"https:\/\/www.stallopaddock.se\/index.php?rest_route=\/wp\/v2\/pages\/4099","targetHints":{"allow":["GET"]}}],"collection":[{"href":"https:\/\/www.stallopaddock.se\/index.php?rest_route=\/wp\/v2\/pages"}],"about":[{"href":"https:\/\/www.stallopaddock.se\/index.php?rest_route=\/wp\/v2\/types\/page"}],"author":[{"embeddable":true,"href":"https:\/\/www.stallopaddock.se\/index.php?rest_route=\/wp\/v2\/users\/1"}],"replies":[{"embeddable":true,"href":"https:\/\/www.stallopaddock.se\/index.php?rest_route=%2Fwp%2Fv2%2Fcomments&post=4099"}],"version-history":[{"count":51,"href":"https:\/\/www.stallopaddock.se\/index.php?rest_route=\/wp\/v2\/pages\/4099\/revisions"}],"predecessor-version":[{"id":4666,"href":"https:\/\/www.stallopaddock.se\/index.php?rest_route=\/wp\/v2\/pages\/4099\/revisions\/4666"}],"wp:attachment":[{"href":"https:\/\/www.stallopaddock.se\/index.php?rest_route=%2Fwp%2Fv2%2Fmedia&parent=4099"}],"curies":[{"name":"wp","href":"https:\/\/api.w.org\/{rel}","templated":true}]}}