{"id":4152,"date":"2017-06-11T17:31:25","date_gmt":"2017-06-11T15:31:25","guid":{"rendered":"http:\/\/www.stallopaddock.se\/?page_id=4152"},"modified":"2018-06-18T18:09:36","modified_gmt":"2018-06-18T16:09:36","slug":"home","status":"publish","type":"page","link":"https:\/\/www.stallopaddock.se\/","title":{"rendered":"HOME"},"content":{"rendered":"<div  class=\"one withsmallpadding ppb_header \" style=\"text-align:left;padding:30px 0 30px 0;\" >\n<div class=\"standard_wrapper\">\n<div class=\"page_content_wrapper\">\n<div class=\"inner\">\n<div style=\"margin:auto;width:100%\">\n<h2 class=\"ppb_title\" style=\"\">H\u00e4stutrustning f\u00f6r alla behov<\/h2>\n<div class=\"page_header_sep left\"><\/div>\n<div class=\"post_excerpt textcenter\">Stall &#038; Paddock grundades \u00e5r 2017 och har som \u00e5terf\u00f6rs\u00e4ljare av toppmodern utrustning lyckats etablera sig och skaffat kund i hela Sverige. Med god h\u00e5llbarhet, garantier och snabb leverans g\u00f6r vi det l\u00e4tt f\u00f6r dig som kund.<\/div>\n<p>\u00a0<\/p>\n<\/div>\n<\/div>\n<\/div>\n<\/div>\n<\/div>\n<div  class=\"one withsmallpadding ppb_header \" style=\"text-align:left;padding:30px 0 30px 0;\" >\n<div class=\"standard_wrapper\">\n<div class=\"page_content_wrapper\">\n<div class=\"inner\">\n<div style=\"margin:auto;width:100%\">\n<h2 class=\"ppb_title\" style=\"\">H\u00e4stutrustning f\u00f6r alla behov<\/h2>\n<div class=\"page_header_sep left\"><\/div>\n<div class=\"post_excerpt textcenter\">Stall &#038; Paddock grundades \u00e5r 2017 och har som \u00e5terf\u00f6rs\u00e4ljare av toppmodern utrustning lyckats etablera sig och skaffat kund i hela Sverige. Med god h\u00e5llbarhet, garantier och snabb leverans g\u00f6r vi det l\u00e4tt f\u00f6r dig som kund.<\/div>\n<p>\u00a0<\/p>\n<\/div>\n<\/div>\n<\/div>\n<\/div>\n<\/div>\n<div  class=\"one withsmallpadding ppb_header \" style=\"text-align:left;padding:30px 0 30px 0;\" >\n<div class=\"standard_wrapper\">\n<div class=\"page_content_wrapper\">\n<div class=\"inner\">\n<div style=\"margin:auto;width:100%\">\n<div class=\"one_half \" style=\"\">\n<p style=\"text-align: center;\"><strong>FRAKT<\/strong><\/p>\n<p style=\"text-align: center;\">Stall &#038; Paddock erbjuder ett flertal olika leveranss\u00e4tt. Beroende p\u00e5 avst\u00e5nd och v\u00e4der kan leveranstiden vara skiftande. Vi arbetar aktivt f\u00f6r att anpassa leveransen f\u00f6r just din produkt.\n<\/div>\n<div class=\"one_half last \" style=\"\">\n<p style=\"text-align: center;\"><strong>BEST\u00c4LLA<\/strong><\/p>\n<p style=\"text-align: center;\">Alla best\u00e4llningar och ordrar l\u00e4ggs via epost. Kontakta oss\u00a0<span style=\"color: #464646;\"><a href=\"mailto:johan@stallopaddock.se\">h\u00e4r<\/a><\/span> eller anv\u00e4nd kontaktformul\u00e4ret i menyn. Vi garanterar \u00e5terkoppling inom 24 timmar.\n<\/div>\n<p><br class=\"clear\"\/><\/p>\n<\/div>\n<\/div>\n<\/div>\n<\/div>\n<\/div>\n<div  class=\"one withsmallpadding ppb_header \" style=\"text-align:left;padding:30px 0 30px 0;\" >\n<div class=\"standard_wrapper\">\n<div class=\"page_content_wrapper\">\n<div class=\"inner\">\n<div style=\"margin:auto;width:100%\">\n<div class=\"one_half \" style=\"\">\n<p style=\"text-align: center;\"><strong>FRAKT<\/strong><\/p>\n<p style=\"text-align: center;\">Stall &#038; Paddock erbjuder ett flertal olika leveranss\u00e4tt. Beroende p\u00e5 avst\u00e5nd och v\u00e4der kan leveranstiden vara skiftande. Vi arbetar aktivt f\u00f6r att anpassa leveransen f\u00f6r just din produkt.\n<\/div>\n<div class=\"one_half last \" style=\"\">\n<p style=\"text-align: center;\"><strong>BEST\u00c4LLA<\/strong><\/p>\n<p style=\"text-align: center;\">Alla best\u00e4llningar och ordrar l\u00e4ggs via epost. Kontakta oss\u00a0<span style=\"color: #464646;\"><a href=\"mailto:johan@stallopaddock.se\">h\u00e4r<\/a><\/span> eller anv\u00e4nd kontaktformul\u00e4ret i menyn. Vi garanterar \u00e5terkoppling inom 24 timmar.\n<\/div>\n<p><br class=\"clear\"\/><\/p>\n<\/div>\n<\/div>\n<\/div>\n<\/div>\n<\/div>\n<div  class=\"one withsmallpadding ppb_header \" style=\"text-align:left;padding:30px 0 30px 0;\" >\n<div class=\"standard_wrapper\">\n<div class=\"page_content_wrapper\">\n<div class=\"inner\">\n<div style=\"margin:auto;width:100%\">\n<h2 class=\"ppb_title\" style=\"\">BILDGALLERI<\/h2>\n<div class=\"page_header_sep left\"><\/div>\n<\/div>\n<\/div>\n<\/div>\n<\/div>\n<\/div>\n<div  class=\"one withsmallpadding ppb_header \" style=\"text-align:left;padding:30px 0 30px 0;\" >\n<div class=\"standard_wrapper\">\n<div class=\"page_content_wrapper\">\n<div class=\"inner\">\n<div style=\"margin:auto;width:100%\">\n<h2 class=\"ppb_title\" style=\"\">BILDGALLERI<\/h2>\n<div class=\"page_header_sep left\"><\/div>\n<\/div>\n<\/div>\n<\/div>\n<\/div>\n<\/div>\n<div  class=\"one withsmallpadding ppb_header \" style=\"text-align:left;padding:30px 0 30px 0;\" >\n<div class=\"standard_wrapper\">\n<div class=\"page_content_wrapper\">\n<div class=\"inner\">\n<div style=\"margin:auto;width:100%\">\n<h2 class=\"ppb_title\" style=\"\">BILDGALLERI<\/h2>\n<div class=\"page_header_sep left\"><\/div>\n<\/div>\n<\/div>\n<\/div>\n<\/div>\n<\/div>\n","protected":false},"excerpt":{"rendered":"<p>H\u00e4stutrustning f\u00f6r alla behov Stall &#038; Paddock grundades \u00e5r 2017 och har som \u00e5terf\u00f6rs\u00e4ljare av toppmodern utrustning lyckats etablera sig och skaffat kund i hela Sverige. Med god h\u00e5llbarhet, garantier och snabb leverans g\u00f6r vi det l\u00e4tt f\u00f6r dig som [&hellip;]<\/p>\n","protected":false},"author":1,"featured_media":0,"parent":0,"menu_order":0,"comment_status":"closed","ping_status":"closed","template":"","meta":{"footnotes":""},"class_list":["post-4152","page","type-page","status-publish","hentry"],"yoast_head":"<!-- This site is optimized with the Yoast SEO plugin v26.3 - https:\/\/yoast.com\/wordpress\/plugins\/seo\/ -->\n<title>HOME - Stall &amp; Paddock<\/title>\n<meta name=\"robots\" content=\"index, follow, max-snippet:-1, max-image-preview:large, max-video-preview:-1\" \/>\n<link rel=\"canonical\" href=\"https:\/\/www.stallopaddock.se\/\" \/>\n<meta property=\"og:locale\" content=\"en_US\" \/>\n<meta property=\"og:type\" content=\"article\" \/>\n<meta property=\"og:title\" content=\"HOME - Stall &amp; Paddock\" \/>\n<meta property=\"og:description\" content=\"H\u00e4stutrustning f\u00f6r alla behov Stall &#038; Paddock grundades \u00e5r 2017 och har som \u00e5terf\u00f6rs\u00e4ljare av toppmodern utrustning lyckats etablera sig och skaffat kund i hela Sverige. Med god h\u00e5llbarhet, garantier och snabb leverans g\u00f6r vi det l\u00e4tt f\u00f6r dig som [&hellip;]\" \/>\n<meta property=\"og:url\" content=\"https:\/\/www.stallopaddock.se\/\" \/>\n<meta property=\"og:site_name\" content=\"Stall &amp; Paddock\" \/>\n<meta property=\"article:modified_time\" content=\"2018-06-18T16:09:36+00:00\" \/>\n<meta name=\"twitter:card\" content=\"summary_large_image\" \/>\n<meta name=\"twitter:label1\" content=\"Est. reading time\" \/>\n\t<meta name=\"twitter:data1\" content=\"1 minute\" \/>\n<script type=\"application\/ld+json\" class=\"yoast-schema-graph\">{\"@context\":\"https:\/\/schema.org\",\"@graph\":[{\"@type\":\"WebPage\",\"@id\":\"https:\/\/www.stallopaddock.se\/\",\"url\":\"https:\/\/www.stallopaddock.se\/\",\"name\":\"HOME - Stall &amp; Paddock\",\"isPartOf\":{\"@id\":\"https:\/\/www.stallopaddock.se\/#website\"},\"datePublished\":\"2017-06-11T15:31:25+00:00\",\"dateModified\":\"2018-06-18T16:09:36+00:00\",\"breadcrumb\":{\"@id\":\"https:\/\/www.stallopaddock.se\/#breadcrumb\"},\"inLanguage\":\"en-US\",\"potentialAction\":[{\"@type\":\"ReadAction\",\"target\":[\"https:\/\/www.stallopaddock.se\/\"]}]},{\"@type\":\"BreadcrumbList\",\"@id\":\"https:\/\/www.stallopaddock.se\/#breadcrumb\",\"itemListElement\":[{\"@type\":\"ListItem\",\"position\":1,\"name\":\"Home\",\"item\":\"https:\/\/www.stallopaddock.se\/\"},{\"@type\":\"ListItem\",\"position\":2,\"name\":\"HOME\"}]},{\"@type\":\"WebSite\",\"@id\":\"https:\/\/www.stallopaddock.se\/#website\",\"url\":\"https:\/\/www.stallopaddock.se\/\",\"name\":\"Stall &amp; Paddock\",\"description\":\"Stall &amp; Paddockprodukter\",\"potentialAction\":[{\"@type\":\"SearchAction\",\"target\":{\"@type\":\"EntryPoint\",\"urlTemplate\":\"https:\/\/www.stallopaddock.se\/?s={search_term_string}\"},\"query-input\":{\"@type\":\"PropertyValueSpecification\",\"valueRequired\":true,\"valueName\":\"search_term_string\"}}],\"inLanguage\":\"en-US\"}]}<\/script>\n<!-- \/ Yoast SEO plugin. -->","yoast_head_json":{"title":"HOME - Stall &amp; Paddock","robots":{"index":"index","follow":"follow","max-snippet":"max-snippet:-1","max-image-preview":"max-image-preview:large","max-video-preview":"max-video-preview:-1"},"canonical":"https:\/\/www.stallopaddock.se\/","og_locale":"en_US","og_type":"article","og_title":"HOME - Stall &amp; Paddock","og_description":"H\u00e4stutrustning f\u00f6r alla behov Stall &#038; Paddock grundades \u00e5r 2017 och har som \u00e5terf\u00f6rs\u00e4ljare av toppmodern utrustning lyckats etablera sig och skaffat kund i hela Sverige. Med god h\u00e5llbarhet, garantier och snabb leverans g\u00f6r vi det l\u00e4tt f\u00f6r dig som [&hellip;]","og_url":"https:\/\/www.stallopaddock.se\/","og_site_name":"Stall &amp; Paddock","article_modified_time":"2018-06-18T16:09:36+00:00","twitter_card":"summary_large_image","twitter_misc":{"Est. reading time":"1 minute"},"schema":{"@context":"https:\/\/schema.org","@graph":[{"@type":"WebPage","@id":"https:\/\/www.stallopaddock.se\/","url":"https:\/\/www.stallopaddock.se\/","name":"HOME - Stall &amp; Paddock","isPartOf":{"@id":"https:\/\/www.stallopaddock.se\/#website"},"datePublished":"2017-06-11T15:31:25+00:00","dateModified":"2018-06-18T16:09:36+00:00","breadcrumb":{"@id":"https:\/\/www.stallopaddock.se\/#breadcrumb"},"inLanguage":"en-US","potentialAction":[{"@type":"ReadAction","target":["https:\/\/www.stallopaddock.se\/"]}]},{"@type":"BreadcrumbList","@id":"https:\/\/www.stallopaddock.se\/#breadcrumb","itemListElement":[{"@type":"ListItem","position":1,"name":"Home","item":"https:\/\/www.stallopaddock.se\/"},{"@type":"ListItem","position":2,"name":"HOME"}]},{"@type":"WebSite","@id":"https:\/\/www.stallopaddock.se\/#website","url":"https:\/\/www.stallopaddock.se\/","name":"Stall &amp; Paddock","description":"Stall &amp; Paddockprodukter","potentialAction":[{"@type":"SearchAction","target":{"@type":"EntryPoint","urlTemplate":"https:\/\/www.stallopaddock.se\/?s={search_term_string}"},"query-input":{"@type":"PropertyValueSpecification","valueRequired":true,"valueName":"search_term_string"}}],"inLanguage":"en-US"}]}},"_links":{"self":[{"href":"https:\/\/www.stallopaddock.se\/index.php?rest_route=\/wp\/v2\/pages\/4152","targetHints":{"allow":["GET"]}}],"collection":[{"href":"https:\/\/www.stallopaddock.se\/index.php?rest_route=\/wp\/v2\/pages"}],"about":[{"href":"https:\/\/www.stallopaddock.se\/index.php?rest_route=\/wp\/v2\/types\/page"}],"author":[{"embeddable":true,"href":"https:\/\/www.stallopaddock.se\/index.php?rest_route=\/wp\/v2\/users\/1"}],"replies":[{"embeddable":true,"href":"https:\/\/www.stallopaddock.se\/index.php?rest_route=%2Fwp%2Fv2%2Fcomments&post=4152"}],"version-history":[{"count":140,"href":"https:\/\/www.stallopaddock.se\/index.php?rest_route=\/wp\/v2\/pages\/4152\/revisions"}],"predecessor-version":[{"id":4712,"href":"https:\/\/www.stallopaddock.se\/index.php?rest_route=\/wp\/v2\/pages\/4152\/revisions\/4712"}],"wp:attachment":[{"href":"https:\/\/www.stallopaddock.se\/index.php?rest_route=%2Fwp%2Fv2%2Fmedia&parent=4152"}],"curies":[{"name":"wp","href":"https:\/\/api.w.org\/{rel}","templated":true}]}}