{"id":4504,"date":"2017-10-14T17:02:03","date_gmt":"2017-10-14T15:02:03","guid":{"rendered":"http:\/\/www.stallopaddock.se\/?page_id=4504"},"modified":"2018-06-18T17:57:58","modified_gmt":"2018-06-18T15:57:58","slug":"modell-mini","status":"publish","type":"page","link":"https:\/\/www.stallopaddock.se\/?page_id=4504","title":{"rendered":"MODELL MINI"},"content":{"rendered":"<div  class=\"one withsmallpadding ppb_header \" style=\"text-align:left;padding:30px 0 30px 0;\" >\n<div class=\"standard_wrapper\">\n<div class=\"page_content_wrapper\">\n<div class=\"inner\">\n<div style=\"margin:auto;width:100%\">\n<h2 class=\"ppb_title\" style=\"\">MODELL MINI<\/h2>\n<div class=\"page_header_sep left\"><\/div>\n<\/div>\n<\/div>\n<\/div>\n<\/div>\n<\/div>\n<div  class=\"one withsmallpadding ppb_header \" style=\"text-align:left;padding:30px 0 30px 0;\" >\n<div class=\"standard_wrapper\">\n<div class=\"page_content_wrapper\">\n<div class=\"inner\">\n<div style=\"margin:auto;width:100%\">\n<h2 class=\"ppb_title\" style=\"\">MODELL MINI<\/h2>\n<div class=\"page_header_sep left\"><\/div>\n<\/div>\n<\/div>\n<\/div>\n<\/div>\n<\/div>\n<div  class=\"one withsmallpadding ppb_text\" style=\"padding:30px 0 30px 0;\" >\n<div class=\"standard_wrapper\">\n<div class=\"page_content_wrapper\">\n<div class=\"inner\">\n<div style=\"margin:auto;width:100%\">\n<p><strong>T\u00e4vlingspreparering eller din egen tr\u00e4ningsbana<\/strong><\/p>\n<p>10 fj\u00e4derpinnar \u00a0f\u00f6rdelar och j\u00e4mnar ut materialet effektivt.\u00a0Ny vinklad sladdplanka, sitter p\u00e5 kraftiga S-fj\u00e4derpinnar.\u00a0V\u00e4lt som komprimerar materialet. Diego har ett \u00f6ppnare galler i v\u00e4lten, s\u00e5 att material inte s\u00e4tter igen v\u00e4lten. V\u00e4lten justeras l\u00e4tt manuellt eller hydrauliskt.\u00a0Vill man k\u00f6ra mini med fyrhjuling bil eller liknande finns adapter f\u00f6r dragkrok.<\/p>\n<p>4 \u00e5rs fabriksgaranti p\u00e5 konstruktion<\/p>\n<p><i>Kontakta oss f\u00f6r prisuppgifter!<\/i><\/p>\n<\/div>\n<\/div>\n<\/div>\n<\/div>\n<\/div>\n","protected":false},"excerpt":{"rendered":"<p>MODELL MINI MODELL MINI T\u00e4vlingspreparering eller din egen tr\u00e4ningsbana 10 fj\u00e4derpinnar \u00a0f\u00f6rdelar och j\u00e4mnar ut materialet effektivt.\u00a0Ny vinklad sladdplanka, sitter p\u00e5 kraftiga S-fj\u00e4derpinnar.\u00a0V\u00e4lt som komprimerar materialet. Diego har ett \u00f6ppnare galler i v\u00e4lten, s\u00e5 att material inte s\u00e4tter igen v\u00e4lten. [&hellip;]<\/p>\n","protected":false},"author":1,"featured_media":0,"parent":0,"menu_order":0,"comment_status":"closed","ping_status":"closed","template":"","meta":{"footnotes":""},"class_list":["post-4504","page","type-page","status-publish","hentry"],"yoast_head":"<!-- This site is optimized with the Yoast SEO plugin v26.3 - https:\/\/yoast.com\/wordpress\/plugins\/seo\/ -->\n<title>MODELL MINI - Stall &amp; Paddock<\/title>\n<meta name=\"robots\" content=\"index, follow, max-snippet:-1, max-image-preview:large, max-video-preview:-1\" \/>\n<link rel=\"canonical\" href=\"https:\/\/www.stallopaddock.se\/?page_id=4504\" \/>\n<meta property=\"og:locale\" content=\"en_US\" \/>\n<meta property=\"og:type\" content=\"article\" \/>\n<meta property=\"og:title\" content=\"MODELL MINI - Stall &amp; Paddock\" \/>\n<meta property=\"og:description\" content=\"MODELL MINI MODELL MINI T\u00e4vlingspreparering eller din egen tr\u00e4ningsbana 10 fj\u00e4derpinnar \u00a0f\u00f6rdelar och j\u00e4mnar ut materialet effektivt.\u00a0Ny vinklad sladdplanka, sitter p\u00e5 kraftiga S-fj\u00e4derpinnar.\u00a0V\u00e4lt som komprimerar materialet. Diego har ett \u00f6ppnare galler i v\u00e4lten, s\u00e5 att material inte s\u00e4tter igen v\u00e4lten. [&hellip;]\" \/>\n<meta property=\"og:url\" content=\"https:\/\/www.stallopaddock.se\/?page_id=4504\" \/>\n<meta property=\"og:site_name\" content=\"Stall &amp; Paddock\" \/>\n<meta property=\"article:modified_time\" content=\"2018-06-18T15:57:58+00:00\" \/>\n<meta name=\"twitter:card\" content=\"summary_large_image\" \/>\n<script type=\"application\/ld+json\" class=\"yoast-schema-graph\">{\"@context\":\"https:\/\/schema.org\",\"@graph\":[{\"@type\":\"WebPage\",\"@id\":\"https:\/\/www.stallopaddock.se\/?page_id=4504\",\"url\":\"https:\/\/www.stallopaddock.se\/?page_id=4504\",\"name\":\"MODELL MINI - Stall &amp; Paddock\",\"isPartOf\":{\"@id\":\"https:\/\/www.stallopaddock.se\/#website\"},\"datePublished\":\"2017-10-14T15:02:03+00:00\",\"dateModified\":\"2018-06-18T15:57:58+00:00\",\"breadcrumb\":{\"@id\":\"https:\/\/www.stallopaddock.se\/?page_id=4504#breadcrumb\"},\"inLanguage\":\"en-US\",\"potentialAction\":[{\"@type\":\"ReadAction\",\"target\":[\"https:\/\/www.stallopaddock.se\/?page_id=4504\"]}]},{\"@type\":\"BreadcrumbList\",\"@id\":\"https:\/\/www.stallopaddock.se\/?page_id=4504#breadcrumb\",\"itemListElement\":[{\"@type\":\"ListItem\",\"position\":1,\"name\":\"Home\",\"item\":\"https:\/\/www.stallopaddock.se\/\"},{\"@type\":\"ListItem\",\"position\":2,\"name\":\"MODELL MINI\"}]},{\"@type\":\"WebSite\",\"@id\":\"https:\/\/www.stallopaddock.se\/#website\",\"url\":\"https:\/\/www.stallopaddock.se\/\",\"name\":\"Stall &amp; Paddock\",\"description\":\"Stall &amp; Paddockprodukter\",\"potentialAction\":[{\"@type\":\"SearchAction\",\"target\":{\"@type\":\"EntryPoint\",\"urlTemplate\":\"https:\/\/www.stallopaddock.se\/?s={search_term_string}\"},\"query-input\":{\"@type\":\"PropertyValueSpecification\",\"valueRequired\":true,\"valueName\":\"search_term_string\"}}],\"inLanguage\":\"en-US\"}]}<\/script>\n<!-- \/ Yoast SEO plugin. -->","yoast_head_json":{"title":"MODELL MINI - Stall &amp; Paddock","robots":{"index":"index","follow":"follow","max-snippet":"max-snippet:-1","max-image-preview":"max-image-preview:large","max-video-preview":"max-video-preview:-1"},"canonical":"https:\/\/www.stallopaddock.se\/?page_id=4504","og_locale":"en_US","og_type":"article","og_title":"MODELL MINI - Stall &amp; Paddock","og_description":"MODELL MINI MODELL MINI T\u00e4vlingspreparering eller din egen tr\u00e4ningsbana 10 fj\u00e4derpinnar \u00a0f\u00f6rdelar och j\u00e4mnar ut materialet effektivt.\u00a0Ny vinklad sladdplanka, sitter p\u00e5 kraftiga S-fj\u00e4derpinnar.\u00a0V\u00e4lt som komprimerar materialet. Diego har ett \u00f6ppnare galler i v\u00e4lten, s\u00e5 att material inte s\u00e4tter igen v\u00e4lten. [&hellip;]","og_url":"https:\/\/www.stallopaddock.se\/?page_id=4504","og_site_name":"Stall &amp; Paddock","article_modified_time":"2018-06-18T15:57:58+00:00","twitter_card":"summary_large_image","schema":{"@context":"https:\/\/schema.org","@graph":[{"@type":"WebPage","@id":"https:\/\/www.stallopaddock.se\/?page_id=4504","url":"https:\/\/www.stallopaddock.se\/?page_id=4504","name":"MODELL MINI - Stall &amp; Paddock","isPartOf":{"@id":"https:\/\/www.stallopaddock.se\/#website"},"datePublished":"2017-10-14T15:02:03+00:00","dateModified":"2018-06-18T15:57:58+00:00","breadcrumb":{"@id":"https:\/\/www.stallopaddock.se\/?page_id=4504#breadcrumb"},"inLanguage":"en-US","potentialAction":[{"@type":"ReadAction","target":["https:\/\/www.stallopaddock.se\/?page_id=4504"]}]},{"@type":"BreadcrumbList","@id":"https:\/\/www.stallopaddock.se\/?page_id=4504#breadcrumb","itemListElement":[{"@type":"ListItem","position":1,"name":"Home","item":"https:\/\/www.stallopaddock.se\/"},{"@type":"ListItem","position":2,"name":"MODELL MINI"}]},{"@type":"WebSite","@id":"https:\/\/www.stallopaddock.se\/#website","url":"https:\/\/www.stallopaddock.se\/","name":"Stall &amp; Paddock","description":"Stall &amp; Paddockprodukter","potentialAction":[{"@type":"SearchAction","target":{"@type":"EntryPoint","urlTemplate":"https:\/\/www.stallopaddock.se\/?s={search_term_string}"},"query-input":{"@type":"PropertyValueSpecification","valueRequired":true,"valueName":"search_term_string"}}],"inLanguage":"en-US"}]}},"_links":{"self":[{"href":"https:\/\/www.stallopaddock.se\/index.php?rest_route=\/wp\/v2\/pages\/4504","targetHints":{"allow":["GET"]}}],"collection":[{"href":"https:\/\/www.stallopaddock.se\/index.php?rest_route=\/wp\/v2\/pages"}],"about":[{"href":"https:\/\/www.stallopaddock.se\/index.php?rest_route=\/wp\/v2\/types\/page"}],"author":[{"embeddable":true,"href":"https:\/\/www.stallopaddock.se\/index.php?rest_route=\/wp\/v2\/users\/1"}],"replies":[{"embeddable":true,"href":"https:\/\/www.stallopaddock.se\/index.php?rest_route=%2Fwp%2Fv2%2Fcomments&post=4504"}],"version-history":[{"count":12,"href":"https:\/\/www.stallopaddock.se\/index.php?rest_route=\/wp\/v2\/pages\/4504\/revisions"}],"predecessor-version":[{"id":4669,"href":"https:\/\/www.stallopaddock.se\/index.php?rest_route=\/wp\/v2\/pages\/4504\/revisions\/4669"}],"wp:attachment":[{"href":"https:\/\/www.stallopaddock.se\/index.php?rest_route=%2Fwp%2Fv2%2Fmedia&parent=4504"}],"curies":[{"name":"wp","href":"https:\/\/api.w.org\/{rel}","templated":true}]}}