{"id":4510,"date":"2017-10-14T16:47:12","date_gmt":"2017-10-14T14:47:12","guid":{"rendered":"http:\/\/www.stallopaddock.se\/?page_id=4510"},"modified":"2018-06-18T17:57:21","modified_gmt":"2018-06-18T15:57:21","slug":"modell-equus-profi","status":"publish","type":"page","link":"https:\/\/www.stallopaddock.se\/?page_id=4510","title":{"rendered":"MODELL EQUUS PROFI RUBBER"},"content":{"rendered":"<div  class=\"one withsmallpadding ppb_header \" style=\"text-align:left;padding:30px 0 30px 0;\" >\n<div class=\"standard_wrapper\">\n<div class=\"page_content_wrapper\">\n<div class=\"inner\">\n<div style=\"margin:auto;width:100%\">\n<h2 class=\"ppb_title\" style=\"\">MODELL EQUUS PROFI RUBBER ROLLER<\/h2>\n<div class=\"page_header_sep left\"><\/div>\n<\/div>\n<\/div>\n<\/div>\n<\/div>\n<\/div>\n<div  class=\"one withsmallpadding ppb_header \" style=\"text-align:left;padding:30px 0 30px 0;\" >\n<div class=\"standard_wrapper\">\n<div class=\"page_content_wrapper\">\n<div class=\"inner\">\n<div style=\"margin:auto;width:100%\">\n<h2 class=\"ppb_title\" style=\"\">MODELL EQUUS PROFI RUBBER ROLLER<\/h2>\n<div class=\"page_header_sep left\"><\/div>\n<\/div>\n<\/div>\n<\/div>\n<\/div>\n<\/div>\n<div  class=\"one withsmallpadding ppb_text\" style=\"padding:30px 0 30px 0;\" >\n<div class=\"standard_wrapper\">\n<div class=\"page_content_wrapper\">\n<div class=\"inner\">\n<div style=\"margin:auto;width:100%\">\n<p><strong>T\u00e4vlingspreparering eller din egen tr\u00e4ningsbana i b\u00e4sta skick, modell Diego fixar det!<\/strong><\/p>\n<p>13-19 fj\u00e4derpinnar (beroende p\u00e5 bredd) f\u00f6rdelar och j\u00e4mnar ut materialet effektivt. Vinklad sladdplanka som ta ned &#8220;toppar&#8221; p\u00e5 ytlagret. Med den nya vinklade sladdplankan undviks att man f\u00e5r med sig \u201dkakor\u201d av materialet om harven \u00e4r justerad f\u00f6r djupt. Gummihjulv\u00e4lt som komprimerar materialet extra mycket. Trycket p\u00e5 v\u00e4lten justeras l\u00e4tt och precist manuellt eller hydrauliskt.\u00a0Med gummihjulsv\u00e4lt s\u00e5 \u00e4r vikten p\u00e5 harvarna 220 \u2013 295 kg.<\/p>\n<p>Modell Rubber-roller \u00e4r utrustad med sargskrapa, sarghjul och parkeringst\u00f6d.\u00a0Vill man k\u00f6ra Rubber-roller med fyrhjuling, bil etc. Finns adapter f\u00f6r dragkrok.\u00a01540, 1940 och 2340 mm arbetsbredd.<\/p>\n<p>4 \u00e5rs fabriksgaranti p\u00e5 konstruktion<\/p>\n<p><i>Kontakta oss f\u00f6r prisuppgifter!<\/i><\/p>\n<\/div>\n<\/div>\n<\/div>\n<\/div>\n<\/div>\n","protected":false},"excerpt":{"rendered":"<p>MODELL EQUUS PROFI RUBBER ROLLER MODELL EQUUS PROFI RUBBER ROLLER T\u00e4vlingspreparering eller din egen tr\u00e4ningsbana i b\u00e4sta skick, modell Diego fixar det! 13-19 fj\u00e4derpinnar (beroende p\u00e5 bredd) f\u00f6rdelar och j\u00e4mnar ut materialet effektivt. Vinklad sladdplanka som ta ned &#8220;toppar&#8221; p\u00e5 [&hellip;]<\/p>\n","protected":false},"author":1,"featured_media":0,"parent":0,"menu_order":0,"comment_status":"closed","ping_status":"closed","template":"","meta":{"footnotes":""},"class_list":["post-4510","page","type-page","status-publish","hentry"],"yoast_head":"<!-- This site is optimized with the Yoast SEO plugin v26.3 - https:\/\/yoast.com\/wordpress\/plugins\/seo\/ -->\n<title>MODELL EQUUS PROFI RUBBER - Stall &amp; Paddock<\/title>\n<meta name=\"robots\" content=\"index, follow, max-snippet:-1, max-image-preview:large, max-video-preview:-1\" \/>\n<link rel=\"canonical\" href=\"https:\/\/www.stallopaddock.se\/?page_id=4510\" \/>\n<meta property=\"og:locale\" content=\"en_US\" \/>\n<meta property=\"og:type\" content=\"article\" \/>\n<meta property=\"og:title\" content=\"MODELL EQUUS PROFI RUBBER - Stall &amp; Paddock\" \/>\n<meta property=\"og:description\" content=\"MODELL EQUUS PROFI RUBBER ROLLER MODELL EQUUS PROFI RUBBER ROLLER T\u00e4vlingspreparering eller din egen tr\u00e4ningsbana i b\u00e4sta skick, modell Diego fixar det! 13-19 fj\u00e4derpinnar (beroende p\u00e5 bredd) f\u00f6rdelar och j\u00e4mnar ut materialet effektivt. Vinklad sladdplanka som ta ned &#8220;toppar&#8221; p\u00e5 [&hellip;]\" \/>\n<meta property=\"og:url\" content=\"https:\/\/www.stallopaddock.se\/?page_id=4510\" \/>\n<meta property=\"og:site_name\" content=\"Stall &amp; Paddock\" \/>\n<meta property=\"article:modified_time\" content=\"2018-06-18T15:57:21+00:00\" \/>\n<meta name=\"twitter:card\" content=\"summary_large_image\" \/>\n<meta name=\"twitter:label1\" content=\"Est. reading time\" \/>\n\t<meta name=\"twitter:data1\" content=\"1 minute\" \/>\n<script type=\"application\/ld+json\" class=\"yoast-schema-graph\">{\"@context\":\"https:\/\/schema.org\",\"@graph\":[{\"@type\":\"WebPage\",\"@id\":\"https:\/\/www.stallopaddock.se\/?page_id=4510\",\"url\":\"https:\/\/www.stallopaddock.se\/?page_id=4510\",\"name\":\"MODELL EQUUS PROFI RUBBER - Stall &amp; Paddock\",\"isPartOf\":{\"@id\":\"https:\/\/www.stallopaddock.se\/#website\"},\"datePublished\":\"2017-10-14T14:47:12+00:00\",\"dateModified\":\"2018-06-18T15:57:21+00:00\",\"breadcrumb\":{\"@id\":\"https:\/\/www.stallopaddock.se\/?page_id=4510#breadcrumb\"},\"inLanguage\":\"en-US\",\"potentialAction\":[{\"@type\":\"ReadAction\",\"target\":[\"https:\/\/www.stallopaddock.se\/?page_id=4510\"]}]},{\"@type\":\"BreadcrumbList\",\"@id\":\"https:\/\/www.stallopaddock.se\/?page_id=4510#breadcrumb\",\"itemListElement\":[{\"@type\":\"ListItem\",\"position\":1,\"name\":\"Home\",\"item\":\"https:\/\/www.stallopaddock.se\/\"},{\"@type\":\"ListItem\",\"position\":2,\"name\":\"MODELL EQUUS PROFI RUBBER\"}]},{\"@type\":\"WebSite\",\"@id\":\"https:\/\/www.stallopaddock.se\/#website\",\"url\":\"https:\/\/www.stallopaddock.se\/\",\"name\":\"Stall &amp; Paddock\",\"description\":\"Stall &amp; Paddockprodukter\",\"potentialAction\":[{\"@type\":\"SearchAction\",\"target\":{\"@type\":\"EntryPoint\",\"urlTemplate\":\"https:\/\/www.stallopaddock.se\/?s={search_term_string}\"},\"query-input\":{\"@type\":\"PropertyValueSpecification\",\"valueRequired\":true,\"valueName\":\"search_term_string\"}}],\"inLanguage\":\"en-US\"}]}<\/script>\n<!-- \/ Yoast SEO plugin. -->","yoast_head_json":{"title":"MODELL EQUUS PROFI RUBBER - Stall &amp; Paddock","robots":{"index":"index","follow":"follow","max-snippet":"max-snippet:-1","max-image-preview":"max-image-preview:large","max-video-preview":"max-video-preview:-1"},"canonical":"https:\/\/www.stallopaddock.se\/?page_id=4510","og_locale":"en_US","og_type":"article","og_title":"MODELL EQUUS PROFI RUBBER - Stall &amp; Paddock","og_description":"MODELL EQUUS PROFI RUBBER ROLLER MODELL EQUUS PROFI RUBBER ROLLER T\u00e4vlingspreparering eller din egen tr\u00e4ningsbana i b\u00e4sta skick, modell Diego fixar det! 13-19 fj\u00e4derpinnar (beroende p\u00e5 bredd) f\u00f6rdelar och j\u00e4mnar ut materialet effektivt. Vinklad sladdplanka som ta ned &#8220;toppar&#8221; p\u00e5 [&hellip;]","og_url":"https:\/\/www.stallopaddock.se\/?page_id=4510","og_site_name":"Stall &amp; Paddock","article_modified_time":"2018-06-18T15:57:21+00:00","twitter_card":"summary_large_image","twitter_misc":{"Est. reading time":"1 minute"},"schema":{"@context":"https:\/\/schema.org","@graph":[{"@type":"WebPage","@id":"https:\/\/www.stallopaddock.se\/?page_id=4510","url":"https:\/\/www.stallopaddock.se\/?page_id=4510","name":"MODELL EQUUS PROFI RUBBER - Stall &amp; Paddock","isPartOf":{"@id":"https:\/\/www.stallopaddock.se\/#website"},"datePublished":"2017-10-14T14:47:12+00:00","dateModified":"2018-06-18T15:57:21+00:00","breadcrumb":{"@id":"https:\/\/www.stallopaddock.se\/?page_id=4510#breadcrumb"},"inLanguage":"en-US","potentialAction":[{"@type":"ReadAction","target":["https:\/\/www.stallopaddock.se\/?page_id=4510"]}]},{"@type":"BreadcrumbList","@id":"https:\/\/www.stallopaddock.se\/?page_id=4510#breadcrumb","itemListElement":[{"@type":"ListItem","position":1,"name":"Home","item":"https:\/\/www.stallopaddock.se\/"},{"@type":"ListItem","position":2,"name":"MODELL EQUUS PROFI RUBBER"}]},{"@type":"WebSite","@id":"https:\/\/www.stallopaddock.se\/#website","url":"https:\/\/www.stallopaddock.se\/","name":"Stall &amp; Paddock","description":"Stall &amp; Paddockprodukter","potentialAction":[{"@type":"SearchAction","target":{"@type":"EntryPoint","urlTemplate":"https:\/\/www.stallopaddock.se\/?s={search_term_string}"},"query-input":{"@type":"PropertyValueSpecification","valueRequired":true,"valueName":"search_term_string"}}],"inLanguage":"en-US"}]}},"_links":{"self":[{"href":"https:\/\/www.stallopaddock.se\/index.php?rest_route=\/wp\/v2\/pages\/4510","targetHints":{"allow":["GET"]}}],"collection":[{"href":"https:\/\/www.stallopaddock.se\/index.php?rest_route=\/wp\/v2\/pages"}],"about":[{"href":"https:\/\/www.stallopaddock.se\/index.php?rest_route=\/wp\/v2\/types\/page"}],"author":[{"embeddable":true,"href":"https:\/\/www.stallopaddock.se\/index.php?rest_route=\/wp\/v2\/users\/1"}],"replies":[{"embeddable":true,"href":"https:\/\/www.stallopaddock.se\/index.php?rest_route=%2Fwp%2Fv2%2Fcomments&post=4510"}],"version-history":[{"count":23,"href":"https:\/\/www.stallopaddock.se\/index.php?rest_route=\/wp\/v2\/pages\/4510\/revisions"}],"predecessor-version":[{"id":4663,"href":"https:\/\/www.stallopaddock.se\/index.php?rest_route=\/wp\/v2\/pages\/4510\/revisions\/4663"}],"wp:attachment":[{"href":"https:\/\/www.stallopaddock.se\/index.php?rest_route=%2Fwp%2Fv2%2Fmedia&parent=4510"}],"curies":[{"name":"wp","href":"https:\/\/api.w.org\/{rel}","templated":true}]}}