{"id":4560,"date":"2017-10-14T17:05:26","date_gmt":"2017-10-14T15:05:26","guid":{"rendered":"http:\/\/www.stallopaddock.se\/?page_id=4560"},"modified":"2018-06-18T17:58:13","modified_gmt":"2018-06-18T15:58:13","slug":"modell-r1","status":"publish","type":"page","link":"https:\/\/www.stallopaddock.se\/?page_id=4560","title":{"rendered":"MODELL R1"},"content":{"rendered":"<div  class=\"one withsmallpadding ppb_header \" style=\"text-align:left;padding:30px 0 30px 0;\" >\n<div class=\"standard_wrapper\">\n<div class=\"page_content_wrapper\">\n<div class=\"inner\">\n<div style=\"margin:auto;width:100%\">\n<h2 class=\"ppb_title\" style=\"\">MODELL R1<\/h2>\n<div class=\"page_header_sep left\"><\/div>\n<\/div>\n<\/div>\n<\/div>\n<\/div>\n<\/div>\n<div  class=\"one withsmallpadding ppb_header \" style=\"text-align:left;padding:30px 0 30px 0;\" >\n<div class=\"standard_wrapper\">\n<div class=\"page_content_wrapper\">\n<div class=\"inner\">\n<div style=\"margin:auto;width:100%\">\n<h2 class=\"ppb_title\" style=\"\">MODELL R1<\/h2>\n<div class=\"page_header_sep left\"><\/div>\n<\/div>\n<\/div>\n<\/div>\n<\/div>\n<\/div>\n<div  class=\"one withsmallpadding ppb_text\" style=\"padding:30px 0 30px 0;\" >\n<div class=\"standard_wrapper\">\n<div class=\"page_content_wrapper\">\n<div class=\"inner\">\n<div style=\"margin:auto;width:100%\">\n<p><strong>T\u00e4vlingspreparering eller din egen tr\u00e4ningsbana.<\/strong><\/p>\n<p>Modell R1 \u00e4r utrustad med fyra redskapsrader f\u00f6r b\u00e4sta resultat.\u00a0S-formade fj\u00e4derpinnar: Djupjustering, upph\u00e4ngda med en exakt h\u00f6jdjustering som l\u00e4tt justeras av f\u00f6raren till \u00f6nskat bearbetningsdjup. Justering kan f\u00e5s manuell eller hydraulisk. F\u00f6rsta sladdplankan: Ligger lite h\u00f6gre \u00e4n andra sladdplankan med en \u00f6ppnare vinkel.\u00a0Tar ner de st\u00f6rsta oj\u00e4mnheterna innan den andra sladdplankan.\u00a0Andra sladdplankan: Sitter fast monterad i ramen, och f\u00e5r d\u00e5 den tyngd som kr\u00e4vs f\u00f6r att trycka till materialet samt ge sl\u00e4t och fin finish. Galvade fj\u00e4derpinnar: L\u00e4tt upp och nedf\u00e4llbara, ger en fint korrugerad toppyta n\u00e4r de anv\u00e4nds<\/p>\n<p>Modell R1 \u00e4r utrustad med sargsskrapa och st\u00f6dhjul.\u00a0Vill man anv\u00e4nda R1 med fyrhjuling, bil eller liknande finns det adapter f\u00f6r dragkrok.\u00a0Finns i 1,6. 2,0 och 2,4 bredd.<\/p>\n<p>4 \u00e5rs fabriksgaranti p\u00e5 konstruktion<\/p>\n<p><i>Kontakta oss f\u00f6r prisuppgifter!<\/i><\/p>\n<\/div>\n<\/div>\n<\/div>\n<\/div>\n<\/div>\n","protected":false},"excerpt":{"rendered":"<p>MODELL R1 MODELL R1 T\u00e4vlingspreparering eller din egen tr\u00e4ningsbana. Modell R1 \u00e4r utrustad med fyra redskapsrader f\u00f6r b\u00e4sta resultat.\u00a0S-formade fj\u00e4derpinnar: Djupjustering, upph\u00e4ngda med en exakt h\u00f6jdjustering som l\u00e4tt justeras av f\u00f6raren till \u00f6nskat bearbetningsdjup. Justering kan f\u00e5s manuell eller hydraulisk. [&hellip;]<\/p>\n","protected":false},"author":1,"featured_media":0,"parent":0,"menu_order":0,"comment_status":"closed","ping_status":"closed","template":"","meta":{"footnotes":""},"class_list":["post-4560","page","type-page","status-publish","hentry"],"yoast_head":"<!-- This site is optimized with the Yoast SEO plugin v26.3 - https:\/\/yoast.com\/wordpress\/plugins\/seo\/ -->\n<title>MODELL R1 - Stall &amp; Paddock<\/title>\n<meta name=\"robots\" content=\"index, follow, max-snippet:-1, max-image-preview:large, max-video-preview:-1\" \/>\n<link rel=\"canonical\" href=\"https:\/\/www.stallopaddock.se\/?page_id=4560\" \/>\n<meta property=\"og:locale\" content=\"en_US\" \/>\n<meta property=\"og:type\" content=\"article\" \/>\n<meta property=\"og:title\" content=\"MODELL R1 - Stall &amp; Paddock\" \/>\n<meta property=\"og:description\" content=\"MODELL R1 MODELL R1 T\u00e4vlingspreparering eller din egen tr\u00e4ningsbana. Modell R1 \u00e4r utrustad med fyra redskapsrader f\u00f6r b\u00e4sta resultat.\u00a0S-formade fj\u00e4derpinnar: Djupjustering, upph\u00e4ngda med en exakt h\u00f6jdjustering som l\u00e4tt justeras av f\u00f6raren till \u00f6nskat bearbetningsdjup. Justering kan f\u00e5s manuell eller hydraulisk. [&hellip;]\" \/>\n<meta property=\"og:url\" content=\"https:\/\/www.stallopaddock.se\/?page_id=4560\" \/>\n<meta property=\"og:site_name\" content=\"Stall &amp; Paddock\" \/>\n<meta property=\"article:modified_time\" content=\"2018-06-18T15:58:13+00:00\" \/>\n<meta name=\"twitter:card\" content=\"summary_large_image\" \/>\n<meta name=\"twitter:label1\" content=\"Est. reading time\" \/>\n\t<meta name=\"twitter:data1\" content=\"1 minute\" \/>\n<script type=\"application\/ld+json\" class=\"yoast-schema-graph\">{\"@context\":\"https:\/\/schema.org\",\"@graph\":[{\"@type\":\"WebPage\",\"@id\":\"https:\/\/www.stallopaddock.se\/?page_id=4560\",\"url\":\"https:\/\/www.stallopaddock.se\/?page_id=4560\",\"name\":\"MODELL R1 - Stall &amp; Paddock\",\"isPartOf\":{\"@id\":\"https:\/\/www.stallopaddock.se\/#website\"},\"datePublished\":\"2017-10-14T15:05:26+00:00\",\"dateModified\":\"2018-06-18T15:58:13+00:00\",\"breadcrumb\":{\"@id\":\"https:\/\/www.stallopaddock.se\/?page_id=4560#breadcrumb\"},\"inLanguage\":\"en-US\",\"potentialAction\":[{\"@type\":\"ReadAction\",\"target\":[\"https:\/\/www.stallopaddock.se\/?page_id=4560\"]}]},{\"@type\":\"BreadcrumbList\",\"@id\":\"https:\/\/www.stallopaddock.se\/?page_id=4560#breadcrumb\",\"itemListElement\":[{\"@type\":\"ListItem\",\"position\":1,\"name\":\"Home\",\"item\":\"https:\/\/www.stallopaddock.se\/\"},{\"@type\":\"ListItem\",\"position\":2,\"name\":\"MODELL R1\"}]},{\"@type\":\"WebSite\",\"@id\":\"https:\/\/www.stallopaddock.se\/#website\",\"url\":\"https:\/\/www.stallopaddock.se\/\",\"name\":\"Stall &amp; Paddock\",\"description\":\"Stall &amp; Paddockprodukter\",\"potentialAction\":[{\"@type\":\"SearchAction\",\"target\":{\"@type\":\"EntryPoint\",\"urlTemplate\":\"https:\/\/www.stallopaddock.se\/?s={search_term_string}\"},\"query-input\":{\"@type\":\"PropertyValueSpecification\",\"valueRequired\":true,\"valueName\":\"search_term_string\"}}],\"inLanguage\":\"en-US\"}]}<\/script>\n<!-- \/ Yoast SEO plugin. -->","yoast_head_json":{"title":"MODELL R1 - Stall &amp; Paddock","robots":{"index":"index","follow":"follow","max-snippet":"max-snippet:-1","max-image-preview":"max-image-preview:large","max-video-preview":"max-video-preview:-1"},"canonical":"https:\/\/www.stallopaddock.se\/?page_id=4560","og_locale":"en_US","og_type":"article","og_title":"MODELL R1 - Stall &amp; Paddock","og_description":"MODELL R1 MODELL R1 T\u00e4vlingspreparering eller din egen tr\u00e4ningsbana. Modell R1 \u00e4r utrustad med fyra redskapsrader f\u00f6r b\u00e4sta resultat.\u00a0S-formade fj\u00e4derpinnar: Djupjustering, upph\u00e4ngda med en exakt h\u00f6jdjustering som l\u00e4tt justeras av f\u00f6raren till \u00f6nskat bearbetningsdjup. Justering kan f\u00e5s manuell eller hydraulisk. [&hellip;]","og_url":"https:\/\/www.stallopaddock.se\/?page_id=4560","og_site_name":"Stall &amp; Paddock","article_modified_time":"2018-06-18T15:58:13+00:00","twitter_card":"summary_large_image","twitter_misc":{"Est. reading time":"1 minute"},"schema":{"@context":"https:\/\/schema.org","@graph":[{"@type":"WebPage","@id":"https:\/\/www.stallopaddock.se\/?page_id=4560","url":"https:\/\/www.stallopaddock.se\/?page_id=4560","name":"MODELL R1 - Stall &amp; Paddock","isPartOf":{"@id":"https:\/\/www.stallopaddock.se\/#website"},"datePublished":"2017-10-14T15:05:26+00:00","dateModified":"2018-06-18T15:58:13+00:00","breadcrumb":{"@id":"https:\/\/www.stallopaddock.se\/?page_id=4560#breadcrumb"},"inLanguage":"en-US","potentialAction":[{"@type":"ReadAction","target":["https:\/\/www.stallopaddock.se\/?page_id=4560"]}]},{"@type":"BreadcrumbList","@id":"https:\/\/www.stallopaddock.se\/?page_id=4560#breadcrumb","itemListElement":[{"@type":"ListItem","position":1,"name":"Home","item":"https:\/\/www.stallopaddock.se\/"},{"@type":"ListItem","position":2,"name":"MODELL R1"}]},{"@type":"WebSite","@id":"https:\/\/www.stallopaddock.se\/#website","url":"https:\/\/www.stallopaddock.se\/","name":"Stall &amp; Paddock","description":"Stall &amp; Paddockprodukter","potentialAction":[{"@type":"SearchAction","target":{"@type":"EntryPoint","urlTemplate":"https:\/\/www.stallopaddock.se\/?s={search_term_string}"},"query-input":{"@type":"PropertyValueSpecification","valueRequired":true,"valueName":"search_term_string"}}],"inLanguage":"en-US"}]}},"_links":{"self":[{"href":"https:\/\/www.stallopaddock.se\/index.php?rest_route=\/wp\/v2\/pages\/4560","targetHints":{"allow":["GET"]}}],"collection":[{"href":"https:\/\/www.stallopaddock.se\/index.php?rest_route=\/wp\/v2\/pages"}],"about":[{"href":"https:\/\/www.stallopaddock.se\/index.php?rest_route=\/wp\/v2\/types\/page"}],"author":[{"embeddable":true,"href":"https:\/\/www.stallopaddock.se\/index.php?rest_route=\/wp\/v2\/users\/1"}],"replies":[{"embeddable":true,"href":"https:\/\/www.stallopaddock.se\/index.php?rest_route=%2Fwp%2Fv2%2Fcomments&post=4560"}],"version-history":[{"count":5,"href":"https:\/\/www.stallopaddock.se\/index.php?rest_route=\/wp\/v2\/pages\/4560\/revisions"}],"predecessor-version":[{"id":4672,"href":"https:\/\/www.stallopaddock.se\/index.php?rest_route=\/wp\/v2\/pages\/4560\/revisions\/4672"}],"wp:attachment":[{"href":"https:\/\/www.stallopaddock.se\/index.php?rest_route=%2Fwp%2Fv2%2Fmedia&parent=4560"}],"curies":[{"name":"wp","href":"https:\/\/api.w.org\/{rel}","templated":true}]}}