{"id":4602,"date":"2017-10-14T18:31:59","date_gmt":"2017-10-14T16:31:59","guid":{"rendered":"http:\/\/www.stallopaddock.se\/?page_id=4602"},"modified":"2017-10-14T18:36:44","modified_gmt":"2017-10-14T16:36:44","slug":"vibrationsplatta-vibro-2300","status":"publish","type":"page","link":"https:\/\/www.stallopaddock.se\/?page_id=4602","title":{"rendered":"VIBRATIONSPLATTA &#8211; VIBRO 2300"},"content":{"rendered":"<div  class=\"one withsmallpadding ppb_header \" style=\"text-align:center;padding:30px 0 30px 0;\" >\n<div class=\"standard_wrapper\">\n<div class=\"page_content_wrapper\">\n<div class=\"inner\">\n<div style=\"margin:auto;width:100%\">\n<h2 class=\"ppb_title\" style=\"\">VIBRATIONSPLATTA &#8211; VIBRO 2300<\/h2>\n<div class=\"ppb_subtitle\" style=\"\">Den \u00e4r nog bra mot allt<\/div>\n<div class=\"page_header_sep center\"><\/div>\n<\/div>\n<\/div>\n<\/div>\n<\/div>\n<\/div>\n<div class=\"standard_wrapper\">\n<div  class=\"one\" style=\"padding:0px 0 0px 0;\" >\n<div class=\"page_content_wrapper\">\n<div class=\"inner\">\n<div class=\"image_classic_frame expand animate\">\n<div class=\"image_wrapper\"><a href=\"http:\/\/www.stallopaddock.se\/wp-content\/uploads\/2017\/10\/Vibrationsplatta.png\" class=\"img_frame\"><img decoding=\"async\" src=\"http:\/\/www.stallopaddock.se\/wp-content\/uploads\/2017\/10\/Vibrationsplatta.png\" alt=\"\" class=\"portfolio_img\"\/><\/a><\/div>\n<\/div>\n<\/div>\n<\/div>\n<\/div>\n<\/div>\n<div  class=\"one withsmallpadding ppb_text\" style=\"padding:30px 0 30px 0;\" >\n<div class=\"standard_wrapper\">\n<div class=\"page_content_wrapper\">\n<div class=\"inner\">\n<div style=\"margin:auto;width:100%\">\n<p><b>Den \u00e4r nog bra mot allt<\/b><\/p>\n<p>\u00a0<\/p>\n<p>\u00d6kar bent\u00e4thet, b\u00e4ttre blodcirkulation, bra mot kolik, rehabilitering och mycket mer. l Det finns mycket information som lovordar de positiva effekter som vibrationsplattan medf\u00f6r. Kraftig metallkonstruktion. Enkel touchpanel som g\u00f6r den l\u00e4tt att handha.<\/p>\n<p>\u00a0<\/p>\n<p>H\u00f6jd 1490 mm<\/p>\n<p>Bredd 1025 mm<\/p>\n<p>L\u00e4ngd 2310 mm<\/p>\n<p>Vikt 210 kg<\/p>\n<p>\u00a0<\/p>\n<p><em>Pris: Kontakta f\u00f6r prisuppgifter.<\/em><\/p>\n<\/div>\n<\/div>\n<\/div>\n<\/div>\n<\/div>\n","protected":false},"excerpt":{"rendered":"<p>VIBRATIONSPLATTA &#8211; VIBRO 2300 Den \u00e4r nog bra mot allt Den \u00e4r nog bra mot allt \u00a0 \u00d6kar bent\u00e4thet, b\u00e4ttre blodcirkulation, bra mot kolik, rehabilitering och mycket mer. l Det finns mycket information som lovordar de positiva effekter som vibrationsplattan [&hellip;]<\/p>\n","protected":false},"author":1,"featured_media":0,"parent":0,"menu_order":0,"comment_status":"closed","ping_status":"closed","template":"","meta":{"footnotes":""},"class_list":["post-4602","page","type-page","status-publish","hentry"],"yoast_head":"<!-- This site is optimized with the Yoast SEO plugin v26.3 - https:\/\/yoast.com\/wordpress\/plugins\/seo\/ -->\n<title>VIBRATIONSPLATTA - VIBRO 2300 - Stall &amp; Paddock<\/title>\n<meta name=\"robots\" content=\"index, follow, max-snippet:-1, max-image-preview:large, max-video-preview:-1\" \/>\n<link rel=\"canonical\" href=\"https:\/\/www.stallopaddock.se\/?page_id=4602\" \/>\n<meta property=\"og:locale\" content=\"en_US\" \/>\n<meta property=\"og:type\" content=\"article\" \/>\n<meta property=\"og:title\" content=\"VIBRATIONSPLATTA - VIBRO 2300 - Stall &amp; Paddock\" \/>\n<meta property=\"og:description\" content=\"VIBRATIONSPLATTA &#8211; VIBRO 2300 Den \u00e4r nog bra mot allt Den \u00e4r nog bra mot allt \u00a0 \u00d6kar bent\u00e4thet, b\u00e4ttre blodcirkulation, bra mot kolik, rehabilitering och mycket mer. l Det finns mycket information som lovordar de positiva effekter som vibrationsplattan [&hellip;]\" \/>\n<meta property=\"og:url\" content=\"https:\/\/www.stallopaddock.se\/?page_id=4602\" \/>\n<meta property=\"og:site_name\" content=\"Stall &amp; Paddock\" \/>\n<meta property=\"article:modified_time\" content=\"2017-10-14T16:36:44+00:00\" \/>\n<meta property=\"og:image\" content=\"http:\/\/www.stallopaddock.se\/wp-content\/uploads\/2017\/10\/Vibrationsplatta.png\" \/>\n<meta name=\"twitter:card\" content=\"summary_large_image\" \/>\n<script type=\"application\/ld+json\" class=\"yoast-schema-graph\">{\"@context\":\"https:\/\/schema.org\",\"@graph\":[{\"@type\":\"WebPage\",\"@id\":\"https:\/\/www.stallopaddock.se\/?page_id=4602\",\"url\":\"https:\/\/www.stallopaddock.se\/?page_id=4602\",\"name\":\"VIBRATIONSPLATTA - VIBRO 2300 - Stall &amp; Paddock\",\"isPartOf\":{\"@id\":\"https:\/\/www.stallopaddock.se\/#website\"},\"primaryImageOfPage\":{\"@id\":\"https:\/\/www.stallopaddock.se\/?page_id=4602#primaryimage\"},\"image\":{\"@id\":\"https:\/\/www.stallopaddock.se\/?page_id=4602#primaryimage\"},\"thumbnailUrl\":\"http:\/\/www.stallopaddock.se\/wp-content\/uploads\/2017\/10\/Vibrationsplatta.png\",\"datePublished\":\"2017-10-14T16:31:59+00:00\",\"dateModified\":\"2017-10-14T16:36:44+00:00\",\"breadcrumb\":{\"@id\":\"https:\/\/www.stallopaddock.se\/?page_id=4602#breadcrumb\"},\"inLanguage\":\"en-US\",\"potentialAction\":[{\"@type\":\"ReadAction\",\"target\":[\"https:\/\/www.stallopaddock.se\/?page_id=4602\"]}]},{\"@type\":\"ImageObject\",\"inLanguage\":\"en-US\",\"@id\":\"https:\/\/www.stallopaddock.se\/?page_id=4602#primaryimage\",\"url\":\"http:\/\/www.stallopaddock.se\/wp-content\/uploads\/2017\/10\/Vibrationsplatta.png\",\"contentUrl\":\"http:\/\/www.stallopaddock.se\/wp-content\/uploads\/2017\/10\/Vibrationsplatta.png\"},{\"@type\":\"BreadcrumbList\",\"@id\":\"https:\/\/www.stallopaddock.se\/?page_id=4602#breadcrumb\",\"itemListElement\":[{\"@type\":\"ListItem\",\"position\":1,\"name\":\"Home\",\"item\":\"https:\/\/www.stallopaddock.se\/\"},{\"@type\":\"ListItem\",\"position\":2,\"name\":\"VIBRATIONSPLATTA &#8211; VIBRO 2300\"}]},{\"@type\":\"WebSite\",\"@id\":\"https:\/\/www.stallopaddock.se\/#website\",\"url\":\"https:\/\/www.stallopaddock.se\/\",\"name\":\"Stall &amp; Paddock\",\"description\":\"Stall &amp; Paddockprodukter\",\"potentialAction\":[{\"@type\":\"SearchAction\",\"target\":{\"@type\":\"EntryPoint\",\"urlTemplate\":\"https:\/\/www.stallopaddock.se\/?s={search_term_string}\"},\"query-input\":{\"@type\":\"PropertyValueSpecification\",\"valueRequired\":true,\"valueName\":\"search_term_string\"}}],\"inLanguage\":\"en-US\"}]}<\/script>\n<!-- \/ Yoast SEO plugin. -->","yoast_head_json":{"title":"VIBRATIONSPLATTA - VIBRO 2300 - Stall &amp; Paddock","robots":{"index":"index","follow":"follow","max-snippet":"max-snippet:-1","max-image-preview":"max-image-preview:large","max-video-preview":"max-video-preview:-1"},"canonical":"https:\/\/www.stallopaddock.se\/?page_id=4602","og_locale":"en_US","og_type":"article","og_title":"VIBRATIONSPLATTA - VIBRO 2300 - Stall &amp; Paddock","og_description":"VIBRATIONSPLATTA &#8211; VIBRO 2300 Den \u00e4r nog bra mot allt Den \u00e4r nog bra mot allt \u00a0 \u00d6kar bent\u00e4thet, b\u00e4ttre blodcirkulation, bra mot kolik, rehabilitering och mycket mer. l Det finns mycket information som lovordar de positiva effekter som vibrationsplattan [&hellip;]","og_url":"https:\/\/www.stallopaddock.se\/?page_id=4602","og_site_name":"Stall &amp; Paddock","article_modified_time":"2017-10-14T16:36:44+00:00","og_image":[{"url":"http:\/\/www.stallopaddock.se\/wp-content\/uploads\/2017\/10\/Vibrationsplatta.png","type":"","width":"","height":""}],"twitter_card":"summary_large_image","schema":{"@context":"https:\/\/schema.org","@graph":[{"@type":"WebPage","@id":"https:\/\/www.stallopaddock.se\/?page_id=4602","url":"https:\/\/www.stallopaddock.se\/?page_id=4602","name":"VIBRATIONSPLATTA - VIBRO 2300 - Stall &amp; Paddock","isPartOf":{"@id":"https:\/\/www.stallopaddock.se\/#website"},"primaryImageOfPage":{"@id":"https:\/\/www.stallopaddock.se\/?page_id=4602#primaryimage"},"image":{"@id":"https:\/\/www.stallopaddock.se\/?page_id=4602#primaryimage"},"thumbnailUrl":"http:\/\/www.stallopaddock.se\/wp-content\/uploads\/2017\/10\/Vibrationsplatta.png","datePublished":"2017-10-14T16:31:59+00:00","dateModified":"2017-10-14T16:36:44+00:00","breadcrumb":{"@id":"https:\/\/www.stallopaddock.se\/?page_id=4602#breadcrumb"},"inLanguage":"en-US","potentialAction":[{"@type":"ReadAction","target":["https:\/\/www.stallopaddock.se\/?page_id=4602"]}]},{"@type":"ImageObject","inLanguage":"en-US","@id":"https:\/\/www.stallopaddock.se\/?page_id=4602#primaryimage","url":"http:\/\/www.stallopaddock.se\/wp-content\/uploads\/2017\/10\/Vibrationsplatta.png","contentUrl":"http:\/\/www.stallopaddock.se\/wp-content\/uploads\/2017\/10\/Vibrationsplatta.png"},{"@type":"BreadcrumbList","@id":"https:\/\/www.stallopaddock.se\/?page_id=4602#breadcrumb","itemListElement":[{"@type":"ListItem","position":1,"name":"Home","item":"https:\/\/www.stallopaddock.se\/"},{"@type":"ListItem","position":2,"name":"VIBRATIONSPLATTA &#8211; VIBRO 2300"}]},{"@type":"WebSite","@id":"https:\/\/www.stallopaddock.se\/#website","url":"https:\/\/www.stallopaddock.se\/","name":"Stall &amp; Paddock","description":"Stall &amp; Paddockprodukter","potentialAction":[{"@type":"SearchAction","target":{"@type":"EntryPoint","urlTemplate":"https:\/\/www.stallopaddock.se\/?s={search_term_string}"},"query-input":{"@type":"PropertyValueSpecification","valueRequired":true,"valueName":"search_term_string"}}],"inLanguage":"en-US"}]}},"_links":{"self":[{"href":"https:\/\/www.stallopaddock.se\/index.php?rest_route=\/wp\/v2\/pages\/4602","targetHints":{"allow":["GET"]}}],"collection":[{"href":"https:\/\/www.stallopaddock.se\/index.php?rest_route=\/wp\/v2\/pages"}],"about":[{"href":"https:\/\/www.stallopaddock.se\/index.php?rest_route=\/wp\/v2\/types\/page"}],"author":[{"embeddable":true,"href":"https:\/\/www.stallopaddock.se\/index.php?rest_route=\/wp\/v2\/users\/1"}],"replies":[{"embeddable":true,"href":"https:\/\/www.stallopaddock.se\/index.php?rest_route=%2Fwp%2Fv2%2Fcomments&post=4602"}],"version-history":[{"count":2,"href":"https:\/\/www.stallopaddock.se\/index.php?rest_route=\/wp\/v2\/pages\/4602\/revisions"}],"predecessor-version":[{"id":4606,"href":"https:\/\/www.stallopaddock.se\/index.php?rest_route=\/wp\/v2\/pages\/4602\/revisions\/4606"}],"wp:attachment":[{"href":"https:\/\/www.stallopaddock.se\/index.php?rest_route=%2Fwp%2Fv2%2Fmedia&parent=4602"}],"curies":[{"name":"wp","href":"https:\/\/api.w.org\/{rel}","templated":true}]}}