{"id":4607,"date":"2017-10-14T18:39:28","date_gmt":"2017-10-14T16:39:28","guid":{"rendered":"http:\/\/www.stallopaddock.se\/?page_id=4607"},"modified":"2018-06-18T17:59:53","modified_gmt":"2018-06-18T15:59:53","slug":"solarium-alu-solar","status":"publish","type":"page","link":"https:\/\/www.stallopaddock.se\/?page_id=4607","title":{"rendered":"SOLARIUM ALU SOLAR"},"content":{"rendered":"<div  class=\"one withsmallpadding ppb_header \" style=\"text-align:left;padding:30px 0 30px 0;\" >\n<div class=\"standard_wrapper\">\n<div class=\"page_content_wrapper\">\n<div class=\"inner\">\n<div style=\"margin:auto;width:100%\">\n<h2 class=\"ppb_title\" style=\"\">SOLARIUM ALU SOLAR<\/h2>\n<div class=\"page_header_sep left\"><\/div>\n<\/div>\n<\/div>\n<\/div>\n<\/div>\n<\/div>\n<div  class=\"one withsmallpadding ppb_header \" style=\"text-align:left;padding:30px 0 30px 0;\" >\n<div class=\"standard_wrapper\">\n<div class=\"page_content_wrapper\">\n<div class=\"inner\">\n<div style=\"margin:auto;width:100%\">\n<h2 class=\"ppb_title\" style=\"\">SOLARIUM ALU SOLAR<\/h2>\n<div class=\"page_header_sep left\"><\/div>\n<\/div>\n<\/div>\n<\/div>\n<\/div>\n<\/div>\n<div  class=\"one withsmallpadding ppb_text\" style=\"padding:30px 0 30px 0;\" >\n<div class=\"standard_wrapper\">\n<div class=\"page_content_wrapper\">\n<div class=\"inner\">\n<div style=\"margin:auto;width:100%\">\n<p><strong>F\u00f6r h\u00e4stens v\u00e4lbefinnande!<\/strong><\/p>\n<p>Alu-solar \u00e4r tillverkad i pulverlackerad aluminium.\u00a0F\u00f6rsedd med 22 r\u00f6da IR lampor samt 8 vita UV lampor.\u00a022 fl\u00e4ktar som f\u00f6rdelar v\u00e4rmen optimalt. Touchpanel, kan utrustas med mynt\/polett timer.\u00a0Elektrisk hiss f\u00f6r precis h\u00f6jdjustering.<\/p>\n<p>Data: 4,5 kW, 230 V, 20 A, 160 kg<\/p>\n<p><i>Kontakta oss f\u00f6r prisuppgifter!<\/i><\/p>\n<\/div>\n<\/div>\n<\/div>\n<\/div>\n<\/div>\n","protected":false},"excerpt":{"rendered":"<p>SOLARIUM ALU SOLAR SOLARIUM ALU SOLAR F\u00f6r h\u00e4stens v\u00e4lbefinnande! Alu-solar \u00e4r tillverkad i pulverlackerad aluminium.\u00a0F\u00f6rsedd med 22 r\u00f6da IR lampor samt 8 vita UV lampor.\u00a022 fl\u00e4ktar som f\u00f6rdelar v\u00e4rmen optimalt. Touchpanel, kan utrustas med mynt\/polett timer.\u00a0Elektrisk hiss f\u00f6r precis h\u00f6jdjustering. [&hellip;]<\/p>\n","protected":false},"author":1,"featured_media":0,"parent":0,"menu_order":0,"comment_status":"closed","ping_status":"closed","template":"","meta":{"footnotes":""},"class_list":["post-4607","page","type-page","status-publish","hentry"],"yoast_head":"<!-- This site is optimized with the Yoast SEO plugin v26.3 - https:\/\/yoast.com\/wordpress\/plugins\/seo\/ -->\n<title>SOLARIUM ALU SOLAR - Stall &amp; Paddock<\/title>\n<meta name=\"robots\" content=\"index, follow, max-snippet:-1, max-image-preview:large, max-video-preview:-1\" \/>\n<link rel=\"canonical\" href=\"https:\/\/www.stallopaddock.se\/?page_id=4607\" \/>\n<meta property=\"og:locale\" content=\"en_US\" \/>\n<meta property=\"og:type\" content=\"article\" \/>\n<meta property=\"og:title\" content=\"SOLARIUM ALU SOLAR - Stall &amp; Paddock\" \/>\n<meta property=\"og:description\" content=\"SOLARIUM ALU SOLAR SOLARIUM ALU SOLAR F\u00f6r h\u00e4stens v\u00e4lbefinnande! Alu-solar \u00e4r tillverkad i pulverlackerad aluminium.\u00a0F\u00f6rsedd med 22 r\u00f6da IR lampor samt 8 vita UV lampor.\u00a022 fl\u00e4ktar som f\u00f6rdelar v\u00e4rmen optimalt. Touchpanel, kan utrustas med mynt\/polett timer.\u00a0Elektrisk hiss f\u00f6r precis h\u00f6jdjustering. [&hellip;]\" \/>\n<meta property=\"og:url\" content=\"https:\/\/www.stallopaddock.se\/?page_id=4607\" \/>\n<meta property=\"og:site_name\" content=\"Stall &amp; Paddock\" \/>\n<meta property=\"article:modified_time\" content=\"2018-06-18T15:59:53+00:00\" \/>\n<meta name=\"twitter:card\" content=\"summary_large_image\" \/>\n<script type=\"application\/ld+json\" class=\"yoast-schema-graph\">{\"@context\":\"https:\/\/schema.org\",\"@graph\":[{\"@type\":\"WebPage\",\"@id\":\"https:\/\/www.stallopaddock.se\/?page_id=4607\",\"url\":\"https:\/\/www.stallopaddock.se\/?page_id=4607\",\"name\":\"SOLARIUM ALU SOLAR - Stall &amp; Paddock\",\"isPartOf\":{\"@id\":\"https:\/\/www.stallopaddock.se\/#website\"},\"datePublished\":\"2017-10-14T16:39:28+00:00\",\"dateModified\":\"2018-06-18T15:59:53+00:00\",\"breadcrumb\":{\"@id\":\"https:\/\/www.stallopaddock.se\/?page_id=4607#breadcrumb\"},\"inLanguage\":\"en-US\",\"potentialAction\":[{\"@type\":\"ReadAction\",\"target\":[\"https:\/\/www.stallopaddock.se\/?page_id=4607\"]}]},{\"@type\":\"BreadcrumbList\",\"@id\":\"https:\/\/www.stallopaddock.se\/?page_id=4607#breadcrumb\",\"itemListElement\":[{\"@type\":\"ListItem\",\"position\":1,\"name\":\"Home\",\"item\":\"https:\/\/www.stallopaddock.se\/\"},{\"@type\":\"ListItem\",\"position\":2,\"name\":\"SOLARIUM ALU SOLAR\"}]},{\"@type\":\"WebSite\",\"@id\":\"https:\/\/www.stallopaddock.se\/#website\",\"url\":\"https:\/\/www.stallopaddock.se\/\",\"name\":\"Stall &amp; Paddock\",\"description\":\"Stall &amp; Paddockprodukter\",\"potentialAction\":[{\"@type\":\"SearchAction\",\"target\":{\"@type\":\"EntryPoint\",\"urlTemplate\":\"https:\/\/www.stallopaddock.se\/?s={search_term_string}\"},\"query-input\":{\"@type\":\"PropertyValueSpecification\",\"valueRequired\":true,\"valueName\":\"search_term_string\"}}],\"inLanguage\":\"en-US\"}]}<\/script>\n<!-- \/ Yoast SEO plugin. -->","yoast_head_json":{"title":"SOLARIUM ALU SOLAR - Stall &amp; Paddock","robots":{"index":"index","follow":"follow","max-snippet":"max-snippet:-1","max-image-preview":"max-image-preview:large","max-video-preview":"max-video-preview:-1"},"canonical":"https:\/\/www.stallopaddock.se\/?page_id=4607","og_locale":"en_US","og_type":"article","og_title":"SOLARIUM ALU SOLAR - Stall &amp; Paddock","og_description":"SOLARIUM ALU SOLAR SOLARIUM ALU SOLAR F\u00f6r h\u00e4stens v\u00e4lbefinnande! Alu-solar \u00e4r tillverkad i pulverlackerad aluminium.\u00a0F\u00f6rsedd med 22 r\u00f6da IR lampor samt 8 vita UV lampor.\u00a022 fl\u00e4ktar som f\u00f6rdelar v\u00e4rmen optimalt. Touchpanel, kan utrustas med mynt\/polett timer.\u00a0Elektrisk hiss f\u00f6r precis h\u00f6jdjustering. [&hellip;]","og_url":"https:\/\/www.stallopaddock.se\/?page_id=4607","og_site_name":"Stall &amp; Paddock","article_modified_time":"2018-06-18T15:59:53+00:00","twitter_card":"summary_large_image","schema":{"@context":"https:\/\/schema.org","@graph":[{"@type":"WebPage","@id":"https:\/\/www.stallopaddock.se\/?page_id=4607","url":"https:\/\/www.stallopaddock.se\/?page_id=4607","name":"SOLARIUM ALU SOLAR - Stall &amp; Paddock","isPartOf":{"@id":"https:\/\/www.stallopaddock.se\/#website"},"datePublished":"2017-10-14T16:39:28+00:00","dateModified":"2018-06-18T15:59:53+00:00","breadcrumb":{"@id":"https:\/\/www.stallopaddock.se\/?page_id=4607#breadcrumb"},"inLanguage":"en-US","potentialAction":[{"@type":"ReadAction","target":["https:\/\/www.stallopaddock.se\/?page_id=4607"]}]},{"@type":"BreadcrumbList","@id":"https:\/\/www.stallopaddock.se\/?page_id=4607#breadcrumb","itemListElement":[{"@type":"ListItem","position":1,"name":"Home","item":"https:\/\/www.stallopaddock.se\/"},{"@type":"ListItem","position":2,"name":"SOLARIUM ALU SOLAR"}]},{"@type":"WebSite","@id":"https:\/\/www.stallopaddock.se\/#website","url":"https:\/\/www.stallopaddock.se\/","name":"Stall &amp; Paddock","description":"Stall &amp; Paddockprodukter","potentialAction":[{"@type":"SearchAction","target":{"@type":"EntryPoint","urlTemplate":"https:\/\/www.stallopaddock.se\/?s={search_term_string}"},"query-input":{"@type":"PropertyValueSpecification","valueRequired":true,"valueName":"search_term_string"}}],"inLanguage":"en-US"}]}},"_links":{"self":[{"href":"https:\/\/www.stallopaddock.se\/index.php?rest_route=\/wp\/v2\/pages\/4607","targetHints":{"allow":["GET"]}}],"collection":[{"href":"https:\/\/www.stallopaddock.se\/index.php?rest_route=\/wp\/v2\/pages"}],"about":[{"href":"https:\/\/www.stallopaddock.se\/index.php?rest_route=\/wp\/v2\/types\/page"}],"author":[{"embeddable":true,"href":"https:\/\/www.stallopaddock.se\/index.php?rest_route=\/wp\/v2\/users\/1"}],"replies":[{"embeddable":true,"href":"https:\/\/www.stallopaddock.se\/index.php?rest_route=%2Fwp%2Fv2%2Fcomments&post=4607"}],"version-history":[{"count":5,"href":"https:\/\/www.stallopaddock.se\/index.php?rest_route=\/wp\/v2\/pages\/4607\/revisions"}],"predecessor-version":[{"id":4687,"href":"https:\/\/www.stallopaddock.se\/index.php?rest_route=\/wp\/v2\/pages\/4607\/revisions\/4687"}],"wp:attachment":[{"href":"https:\/\/www.stallopaddock.se\/index.php?rest_route=%2Fwp%2Fv2%2Fmedia&parent=4607"}],"curies":[{"name":"wp","href":"https:\/\/api.w.org\/{rel}","templated":true}]}}